{"id":199,"date":"2021-07-11T21:34:45","date_gmt":"2021-07-11T21:34:45","guid":{"rendered":"http:\/\/localhost:8888\/unirecycle\/?page_id=199"},"modified":"2025-02-28T01:35:04","modified_gmt":"2025-02-28T01:35:04","slug":"about-us","status":"publish","type":"page","link":"https:\/\/www.uni-recycle.com\/en\/about-us\/","title":{"rendered":"About us"},"content":{"rendered":"<div class=\"apropos\">\n<div class=\"container_apropos\">\n<h1>About us<\/h1>\n<h2 style=\"margin-top: 40px; display: block; text-align: center;\">Story<\/h2>\n<p>Two young businesspeople from the Trois-Rivi\u00e8res region launched Uni-Recycle in 2016 with a lot of desire but limited resources, a dream, and a mission. Growing from a small &#8220;Start-Up&#8221; to a significant participant in electronics recycling with over 40 people, Uni-Recycle has profited over the years. Uni-Recycle&#8217;s efforts and expanding experience have allowed it to earn a number of certifications relevant to its industry, attesting to the dependability and excellence of its offerings. As it changes, the business never wavers from its core principles and keeps innovating with the ever-present goal of improving the community and the environment. Specifically, through a variety of local, sustainable, and circular economy projects that prioritize material reuse above recovery from.<\/p>\n<h2 style=\"margin-top: 40px; margin-bottom: 40px; display: block; text-align: center;\">Les moments marquants<\/h2>\n<div class=\"timeline\">\n<div class=\"container left blue\">\n<div class=\"content\">\n<h3>Earth Day 2018<\/h3>\n<p>Uni-Recycle participated at the Earth Day celebration in an activity called plogging. Plogging means to collect waste and trash on the ground while slowly jogging.<\/p>\n<p>For us, it was important to recognize the participances for the contribution by donating gift to them. All good actions should be rewarded, something that Uni-Recycle feels strongly about.<\/p>\n<div class=\"video_fullwidth\">\n<div class=\"video_reponsive\"><iframe width=\"560\" height=\"315\" loading=\"lazy\" src=\"https:\/\/www.youtube.com\/embed\/5tgL4DXotcE\" frameborder=\"0\" allow=\"accelerometer; autoplay; encrypted-media; gyroscope; picture-in-picture\" allowfullscreen=\"allowfullscreen\"><\/iframe><\/div>\n<\/div>\n<\/div>\n<\/div>\n<div class=\"container right blue\">\n<div class=\"content\">\n<h3>Tree Day 2018<\/h3>\n<p>Uni-Recycle also participated in Tree Day in collaboration with the city of Trois-Rivi\u00e8res. With the lead of the city, over 2000 trees that was distributed on that day.<\/p>\n<p>On that day, 15 mature trees were planted on our offices property and 200 small trees were given randomly to people who wanted them.<\/p>\n<div class=\"video_fullwidth\">\n<div class=\"video_reponsive\"><iframe width=\"560\" height=\"315\" loading=\"lazy\" src=\"https:\/\/www.youtube.com\/embed\/jqeQOBUvf_Q\" frameborder=\"0\" allow=\"accelerometer; autoplay; encrypted-media; gyroscope; picture-in-picture\" allowfullscreen=\"allowfullscreen\"><\/iframe><\/div>\n<\/div>\n<\/div>\n<\/div>\n<div class=\"container left blue\">\n<div class=\"content\">\n<h3><span class=\"NormalTextRun SCXW55747731 BCX0\">Sale for profit of <\/span><span class=\"NormalTextRun SpellingErrorV2Themed SpellingErrorHighlight SCXW55747731 BCX0\">Leucan<\/span><span class=\"NormalTextRun SCXW55747731 BCX0\"> 2019<\/span><\/h3>\n<p>In August 2019, Uni-Recycle organised a huge clearance sale with the profit going to Leucan. All the electronics, computers and small appliances with some imperfections were sold during the event.<\/p>\n<p>The event had a double positive impact, it allowed us to sell some materials that would have been recycled because of their imperfections. This allowed us to give 5150$ to Leucan just with the profit of sale.<\/p>\n<div class=\"video_fullwidth\">\n<div class=\"video_reponsive\"><iframe width=\"560\" height=\"315\" loading=\"lazy\" src=\"https:\/\/www.youtube.com\/embed\/p8SHQRCf9xo\" frameborder=\"0\" allow=\"accelerometer; autoplay; encrypted-media; gyroscope; picture-in-picture\" allowfullscreen=\"allowfullscreen\"><span data-mce-type=\"bookmark\" style=\"display: inline-block; width: 0px; overflow: hidden; line-height: 0;\" class=\"mce_SELRES_start\">\ufeff<\/span><\/iframe><\/div>\n<\/div>\n<\/div>\n<\/div>\n<div class=\"container right blue\">\n<div class=\"content\">\n<h3><span data-contrast=\"none\" xml:lang=\"EN-CA\" lang=\"EN-CA\" class=\"TextRun SCXW213376022 BCX0\"><span class=\"NormalTextRun SCXW213376022 BCX0\">Opening our work platform<\/span><\/span><\/h3>\n<p>In September 2021, Uni-Recycle has open its own work platform on the company&#8217;s premises in collaboration with the CIUSSS MCQ. The platform can accommodate 60 users per week with autism spectrum disorders or disabilities. The goal of the project is to promote the community integration of people with disabilities by providing them with an opportunity to develop their skills and abilities through work.<\/p>\n<\/div>\n<\/div>\n<div class=\"container left blue\">\n<div class=\"content\">\n<h3>Certifications<\/h3>\n<p>Depuis f\u00e9vrier 2022, Uni-Recycle poss\u00e8de 3 certifications internationales ISO agissant \u00e0 titre de normes de qualit\u00e9 (ISO 9001), de sant\u00e9 s\u00e9curit\u00e9 (ISO 45001) et de management environnemental (ISO 140001).<\/p>\n<\/div>\n<\/div>\n<\/div>\n<h2 style=\"margin-top: 40px; display: block; text-align: center;\">Our reasons for being<\/h2>\n<p>We want to make a difference in the lives of those who will come after us, whether it be future generations or others. We believe that as a company, it is mandatory to invest in the community and in the environment and that is what we do.<\/p>\n<h3 style=\"margin-top: 40px; display: block; text-align: center;\">Our mission<\/h3>\n<p>Uni-Recycle is committed to having a major impact on the environment and the community through its computer recycling services.<\/p>\n<h3 style=\"margin-top: 40px; display: block; text-align: center;\">Our vision<\/h3>\n<p>Uni-Recycle is committed to providing the best possible service to its customers. We always aim to raise the bar on our services to maintain our position as a leader in our field.<\/p>\n<h2 style=\"margin-top: 40px; margin-bottom: 40px; display: block; text-align: center;\">Valeurs<\/h2>\n<div class=\"timeline\">\n<div class=\"container left green\">\n<div class=\"content\">\n<h3>Sustainability<\/h3>\n<p>We carry out our actions (social, environmental, etc.) so that they have a long-term impact, that they can last over time (tree planting, work tray, etc.) and that they have a lasting impact.<\/p>\n<\/div>\n<\/div>\n<div class=\"container right blue\">\n<div class=\"content\">\n<h3>Excellence<\/h3>\n<p>We want to offer our customers and companies excellence (can not be better) in all circumstances to meet their needs.<\/p>\n<\/div>\n<\/div>\n<div class=\"container left green\">\n<div class=\"content\">\n<h3>Simplicity<\/h3>\n<p>We want to eliminate all possible barriers to IT electronic recycling and base our service on its simplicity, speed and efficiency.<\/p>\n<\/div>\n<\/div>\n<div class=\"container right blue\">\n<div class=\"content\">\n<h3>Innovation<\/h3>\n<p>As a company, we want to assume our responsibility towards our customers and their confidentiality, but also as an actor in society, by reducing environmental impacts, giving more (chances) to the community, etc.<\/p>\n<\/div>\n<\/div>\n<div class=\"container left green\">\n<div class=\"content\">\n<h3>Responsibility<\/h3>\n<p>We strive to see ever further and to improve, in our innovations, ideas, processes in a principle of sustainable development.<\/p>\n<\/div>\n<\/div>\n<\/div>\n<\/div>\n<\/div>\n","protected":false},"excerpt":{"rendered":"<p>About us Story Two young businesspeople from the Trois-Rivi\u00e8res region launched Uni-Recycle in 2016 with a lot of desire but limited resources, a dream, and a mission. Growing from a small &#8220;Start-Up&#8221; to a significant participant in electronics recycling with over 40 people, Uni-Recycle has profited over the years. Uni-Recycle&#8217;s efforts and expanding experience have [&hellip;]<\/p>\n","protected":false},"author":1,"featured_media":0,"parent":0,"menu_order":0,"comment_status":"closed","ping_status":"closed","template":"template-faitsaillants.php","meta":{"_acf_changed":false,"footnotes":""},"class_list":["post-199","page","type-page","status-publish","hentry"],"acf":[],"yoast_head":"<!-- This site is optimized with the Yoast SEO plugin v24.6 - https:\/\/yoast.com\/wordpress\/plugins\/seo\/ -->\n<title>About us - Uni-Recycle | Recyclage informatique gratuit en entreprise<\/title>\n<meta name=\"robots\" content=\"index, follow, max-snippet:-1, max-image-preview:large, max-video-preview:-1\" \/>\n<link rel=\"canonical\" href=\"https:\/\/www.uni-recycle.com\/en\/about-us\/\" \/>\n<meta property=\"og:locale\" content=\"en_US\" \/>\n<meta property=\"og:type\" content=\"article\" \/>\n<meta property=\"og:title\" content=\"About us - Uni-Recycle | Recyclage informatique gratuit en entreprise\" \/>\n<meta property=\"og:description\" content=\"About us Story Two young businesspeople from the Trois-Rivi\u00e8res region launched Uni-Recycle in 2016 with a lot of desire but limited resources, a dream, and a mission. Growing from a small &#8220;Start-Up&#8221; to a significant participant in electronics recycling with over 40 people, Uni-Recycle has profited over the years. Uni-Recycle&#8217;s efforts and expanding experience have [&hellip;]\" \/>\n<meta property=\"og:url\" content=\"https:\/\/www.uni-recycle.com\/en\/about-us\/\" \/>\n<meta property=\"og:site_name\" content=\"Uni-Recycle | Recyclage informatique gratuit en entreprise\" \/>\n<meta property=\"article:modified_time\" content=\"2025-02-28T01:35:04+00:00\" \/>\n<meta property=\"og:image\" content=\"https:\/\/www.uni-recycle.com\/wp-content\/uploads\/2020\/07\/default_partage.jpg\" \/>\n\t<meta property=\"og:image:width\" content=\"1200\" \/>\n\t<meta property=\"og:image:height\" content=\"630\" \/>\n\t<meta property=\"og:image:type\" content=\"image\/jpeg\" \/>\n<meta name=\"twitter:card\" content=\"summary_large_image\" \/>\n<meta name=\"twitter:label1\" content=\"Est. reading time\" \/>\n\t<meta name=\"twitter:data1\" content=\"4 minutes\" \/>\n<script type=\"application\/ld+json\" class=\"yoast-schema-graph\">{\"@context\":\"https:\/\/schema.org\",\"@graph\":[{\"@type\":\"WebPage\",\"@id\":\"https:\/\/www.uni-recycle.com\/en\/about-us\/\",\"url\":\"https:\/\/www.uni-recycle.com\/en\/about-us\/\",\"name\":\"About us - Uni-Recycle | Recyclage informatique gratuit en entreprise\",\"isPartOf\":{\"@id\":\"https:\/\/www.uni-recycle.com\/en\/#website\"},\"datePublished\":\"2021-07-11T21:34:45+00:00\",\"dateModified\":\"2025-02-28T01:35:04+00:00\",\"breadcrumb\":{\"@id\":\"https:\/\/www.uni-recycle.com\/en\/about-us\/#breadcrumb\"},\"inLanguage\":\"en-CA\",\"potentialAction\":[{\"@type\":\"ReadAction\",\"target\":[\"https:\/\/www.uni-recycle.com\/en\/about-us\/\"]}]},{\"@type\":\"BreadcrumbList\",\"@id\":\"https:\/\/www.uni-recycle.com\/en\/about-us\/#breadcrumb\",\"itemListElement\":[{\"@type\":\"ListItem\",\"position\":1,\"name\":\"Home\",\"item\":\"https:\/\/www.uni-recycle.com\/en\/\"},{\"@type\":\"ListItem\",\"position\":2,\"name\":\"About us\"}]},{\"@type\":\"WebSite\",\"@id\":\"https:\/\/www.uni-recycle.com\/en\/#website\",\"url\":\"https:\/\/www.uni-recycle.com\/en\/\",\"name\":\"Uni-Recycle | Recyclage informatique gratuit en entreprise\",\"description\":\"Service GRATUIT de recyclage et de collecte sans mininum requis pour tous les produits \u00e9lectroniques et informatiques des entreprises du Qu\u00e9bec.\",\"potentialAction\":[{\"@type\":\"SearchAction\",\"target\":{\"@type\":\"EntryPoint\",\"urlTemplate\":\"https:\/\/www.uni-recycle.com\/en\/?s={search_term_string}\"},\"query-input\":{\"@type\":\"PropertyValueSpecification\",\"valueRequired\":true,\"valueName\":\"search_term_string\"}}],\"inLanguage\":\"en-CA\"}]}<\/script>\n<!-- \/ Yoast SEO plugin. -->","yoast_head_json":{"title":"About us - Uni-Recycle | Recyclage informatique gratuit en entreprise","robots":{"index":"index","follow":"follow","max-snippet":"max-snippet:-1","max-image-preview":"max-image-preview:large","max-video-preview":"max-video-preview:-1"},"canonical":"https:\/\/www.uni-recycle.com\/en\/about-us\/","og_locale":"en_US","og_type":"article","og_title":"About us - Uni-Recycle | Recyclage informatique gratuit en entreprise","og_description":"About us Story Two young businesspeople from the Trois-Rivi\u00e8res region launched Uni-Recycle in 2016 with a lot of desire but limited resources, a dream, and a mission. Growing from a small &#8220;Start-Up&#8221; to a significant participant in electronics recycling with over 40 people, Uni-Recycle has profited over the years. Uni-Recycle&#8217;s efforts and expanding experience have [&hellip;]","og_url":"https:\/\/www.uni-recycle.com\/en\/about-us\/","og_site_name":"Uni-Recycle | Recyclage informatique gratuit en entreprise","article_modified_time":"2025-02-28T01:35:04+00:00","og_image":[{"width":1200,"height":630,"url":"https:\/\/www.uni-recycle.com\/wp-content\/uploads\/2020\/07\/default_partage.jpg","type":"image\/jpeg"}],"twitter_card":"summary_large_image","twitter_misc":{"Est. reading time":"4 minutes"},"schema":{"@context":"https:\/\/schema.org","@graph":[{"@type":"WebPage","@id":"https:\/\/www.uni-recycle.com\/en\/about-us\/","url":"https:\/\/www.uni-recycle.com\/en\/about-us\/","name":"About us - Uni-Recycle | Recyclage informatique gratuit en entreprise","isPartOf":{"@id":"https:\/\/www.uni-recycle.com\/en\/#website"},"datePublished":"2021-07-11T21:34:45+00:00","dateModified":"2025-02-28T01:35:04+00:00","breadcrumb":{"@id":"https:\/\/www.uni-recycle.com\/en\/about-us\/#breadcrumb"},"inLanguage":"en-CA","potentialAction":[{"@type":"ReadAction","target":["https:\/\/www.uni-recycle.com\/en\/about-us\/"]}]},{"@type":"BreadcrumbList","@id":"https:\/\/www.uni-recycle.com\/en\/about-us\/#breadcrumb","itemListElement":[{"@type":"ListItem","position":1,"name":"Home","item":"https:\/\/www.uni-recycle.com\/en\/"},{"@type":"ListItem","position":2,"name":"About us"}]},{"@type":"WebSite","@id":"https:\/\/www.uni-recycle.com\/en\/#website","url":"https:\/\/www.uni-recycle.com\/en\/","name":"Uni-Recycle | Recyclage informatique gratuit en entreprise","description":"Service GRATUIT de recyclage et de collecte sans mininum requis pour tous les produits \u00e9lectroniques et informatiques des entreprises du Qu\u00e9bec.","potentialAction":[{"@type":"SearchAction","target":{"@type":"EntryPoint","urlTemplate":"https:\/\/www.uni-recycle.com\/en\/?s={search_term_string}"},"query-input":{"@type":"PropertyValueSpecification","valueRequired":true,"valueName":"search_term_string"}}],"inLanguage":"en-CA"}]}},"_links":{"self":[{"href":"https:\/\/www.uni-recycle.com\/en\/wp-json\/wp\/v2\/pages\/199","targetHints":{"allow":["GET"]}}],"collection":[{"href":"https:\/\/www.uni-recycle.com\/en\/wp-json\/wp\/v2\/pages"}],"about":[{"href":"https:\/\/www.uni-recycle.com\/en\/wp-json\/wp\/v2\/types\/page"}],"author":[{"embeddable":true,"href":"https:\/\/www.uni-recycle.com\/en\/wp-json\/wp\/v2\/users\/1"}],"replies":[{"embeddable":true,"href":"https:\/\/www.uni-recycle.com\/en\/wp-json\/wp\/v2\/comments?post=199"}],"version-history":[{"count":27,"href":"https:\/\/www.uni-recycle.com\/en\/wp-json\/wp\/v2\/pages\/199\/revisions"}],"predecessor-version":[{"id":1557,"href":"https:\/\/www.uni-recycle.com\/en\/wp-json\/wp\/v2\/pages\/199\/revisions\/1557"}],"wp:attachment":[{"href":"https:\/\/www.uni-recycle.com\/en\/wp-json\/wp\/v2\/media?parent=199"}],"curies":[{"name":"wp","href":"https:\/\/api.w.org\/{rel}","templated":true}]}}